{"id":975,"date":"2021-05-10T21:43:36","date_gmt":"2021-05-10T21:43:36","guid":{"rendered":"https:\/\/tmluxuryapartments.com\/who-we-are\/"},"modified":"2021-08-09T17:30:56","modified_gmt":"2021-08-09T17:30:56","slug":"who-we-are","status":"publish","type":"page","link":"https:\/\/tmluxuryapartments.com\/en\/who-we-are\/","title":{"rendered":"About"},"content":{"rendered":"\t\t<div data-elementor-type=\"wp-post\" data-elementor-id=\"975\" class=\"elementor elementor-975 elementor-166\" data-elementor-post-type=\"page\">\n\t\t\t\t\t\t<section class=\"elementor-section elementor-top-section elementor-element elementor-element-3c6ee93 elementor-section-boxed elementor-section-height-default elementor-section-height-default\" data-id=\"3c6ee93\" data-element_type=\"section\">\n\t\t\t\t\t\t<div class=\"elementor-container elementor-column-gap-default\">\n\t\t\t\t\t<div class=\"elementor-column elementor-col-100 elementor-top-column elementor-element elementor-element-95100c7\" data-id=\"95100c7\" data-element_type=\"column\">\n\t\t\t<div class=\"elementor-widget-wrap elementor-element-populated\">\n\t\t\t\t\t\t<div class=\"elementor-element elementor-element-6c35f39 elementor-widget elementor-widget-text-editor\" data-id=\"6c35f39\" data-element_type=\"widget\" data-widget_type=\"text-editor.default\">\n\t\t\t\t<div class=\"elementor-widget-container\">\n\t\t\t\t\t\t\t<p style=\"text-align: justify;\">Portuguese designer Tony Miranda, applied his highly developed skills and extensive experience in the world of fashion and lifestyle, to bringing his new vision here, and creating and developing a project of thirty apartments in the historic area of Lisbon. His aim was to design a space for you, thinking of your pleasure and your comfort.<\/p>\n<p style=\"text-align: left;\">That is how TM Luxury Apartments Lisbon was born!<\/p>\n\t\t\t\t\t\t<\/div>\n\t\t\t\t<\/div>\n\t\t\t\t<div class=\"elementor-element elementor-element-90622b4 elementor-arrows-position-inside elementor-pagination-position-outside elementor-widget elementor-widget-image-carousel\" data-id=\"90622b4\" data-element_type=\"widget\" data-settings=\"{&quot;slides_to_show&quot;:&quot;1&quot;,&quot;navigation&quot;:&quot;both&quot;,&quot;autoplay&quot;:&quot;yes&quot;,&quot;pause_on_hover&quot;:&quot;yes&quot;,&quot;pause_on_interaction&quot;:&quot;yes&quot;,&quot;autoplay_speed&quot;:5000,&quot;infinite&quot;:&quot;yes&quot;,&quot;effect&quot;:&quot;slide&quot;,&quot;speed&quot;:500}\" data-widget_type=\"image-carousel.default\">\n\t\t\t\t<div class=\"elementor-widget-container\">\n\t\t\t\t\t<div class=\"elementor-image-carousel-wrapper swiper\" dir=\"ltr\">\n\t\t\t<div class=\"elementor-image-carousel swiper-wrapper\" aria-live=\"off\">\n\t\t\t\t\t\t\t\t<div class=\"swiper-slide\" role=\"group\" aria-roledescription=\"slide\" aria-label=\"1 of 10\"><figure class=\"swiper-slide-inner\"><img decoding=\"async\" class=\"swiper-slide-image\" src=\"https:\/\/i0.wp.com\/tmluxuryapartments.com\/wp-content\/uploads\/elementor\/thumbs\/tm-out-home-qto24ammf9hemi5uot7grbzr0llg0nit0tgzija7gw.jpg?w=800&#038;ssl=1\" alt=\"tm-out-home\" data-recalc-dims=\"1\" \/><\/figure><\/div><div class=\"swiper-slide\" role=\"group\" aria-roledescription=\"slide\" aria-label=\"2 of 10\"><figure class=\"swiper-slide-inner\"><img decoding=\"async\" class=\"swiper-slide-image\" src=\"https:\/\/i0.wp.com\/tmluxuryapartments.com\/wp-content\/uploads\/elementor\/thumbs\/EMPREENDIMENTO-RUA-SAO-JOSE-VARANDAS-qto24ammf9hemi5uot7grbzr0llg0nit0tgzija7gw.jpg?w=800&#038;ssl=1\" alt=\"EMPREENDIMENTO-RUA-SAO-JOSE-VARANDAS\" data-recalc-dims=\"1\" \/><\/figure><\/div><div class=\"swiper-slide\" role=\"group\" aria-roledescription=\"slide\" aria-label=\"3 of 10\"><figure class=\"swiper-slide-inner\"><img decoding=\"async\" class=\"swiper-slide-image\" src=\"https:\/\/i0.wp.com\/tmluxuryapartments.com\/wp-content\/uploads\/elementor\/thumbs\/17_APARTAMENTO-T0_-1F-TERRACO-qto24ammf9hemi5uot7grbzr0llg0nit0tgzija7gw.jpg?w=800&#038;ssl=1\" alt=\"17_APARTAMENTO-T0_-1F-TERRACO\" data-recalc-dims=\"1\" \/><\/figure><\/div><div class=\"swiper-slide\" role=\"group\" aria-roledescription=\"slide\" aria-label=\"4 of 10\"><figure class=\"swiper-slide-inner\"><img decoding=\"async\" class=\"swiper-slide-image\" src=\"https:\/\/i0.wp.com\/tmluxuryapartments.com\/wp-content\/uploads\/elementor\/thumbs\/2_APARTAMENTO-T0_-1oA-QUARTO-qto24ammf9hemi5uot7grbzr0llg0nit0tgzija7gw.jpg?w=800&#038;ssl=1\" alt=\"2_APARTAMENTO-T0_-1\u00baA-QUARTO\" data-recalc-dims=\"1\" \/><\/figure><\/div><div class=\"swiper-slide\" role=\"group\" aria-roledescription=\"slide\" aria-label=\"5 of 10\"><figure class=\"swiper-slide-inner\"><img decoding=\"async\" class=\"swiper-slide-image\" src=\"https:\/\/i0.wp.com\/tmluxuryapartments.com\/wp-content\/uploads\/elementor\/thumbs\/EMPREENDIMENTO-TARDOZ-RUA-SAO-JOSE-qto24ammf9hemi5uot7grbzr0llg0nit0tgzija7gw.jpg?w=800&#038;ssl=1\" alt=\"EMPREENDIMENTO-TARDOZ-RUA-SAO-JOSE\" data-recalc-dims=\"1\" \/><\/figure><\/div><div class=\"swiper-slide\" role=\"group\" aria-roledescription=\"slide\" aria-label=\"6 of 10\"><figure class=\"swiper-slide-inner\"><img decoding=\"async\" class=\"swiper-slide-image\" src=\"https:\/\/i0.wp.com\/tmluxuryapartments.com\/wp-content\/uploads\/elementor\/thumbs\/sobre-apartamento-qto24ammf9hemi5uot7grbzr0llg0nit0tgzija7gw.jpg?w=800&#038;ssl=1\" alt=\"sobre-apartamento\" data-recalc-dims=\"1\" \/><\/figure><\/div><div class=\"swiper-slide\" role=\"group\" aria-roledescription=\"slide\" aria-label=\"7 of 10\"><figure class=\"swiper-slide-inner\"><img decoding=\"async\" class=\"swiper-slide-image\" src=\"https:\/\/i0.wp.com\/tmluxuryapartments.com\/wp-content\/uploads\/elementor\/thumbs\/6_APARTAMENTO-T0_-1oA-QUARTO-qto24ammf9hemi5uot7grbzr0llg0nit0tgzija7gw.jpg?w=800&#038;ssl=1\" alt=\"6_APARTAMENTO-T0_-1\u00baA-QUARTO\" data-recalc-dims=\"1\" \/><\/figure><\/div><div class=\"swiper-slide\" role=\"group\" aria-roledescription=\"slide\" aria-label=\"8 of 10\"><figure class=\"swiper-slide-inner\"><img decoding=\"async\" class=\"swiper-slide-image\" src=\"https:\/\/i0.wp.com\/tmluxuryapartments.com\/wp-content\/uploads\/elementor\/thumbs\/4_APARTAMENTO-T1_-1oE-KITCHENET-qto24ammf9hemi5uot7grbzr0llg0nit0tgzija7gw.jpg?w=800&#038;ssl=1\" alt=\"4_APARTAMENTO-T1_-1\u00baE-KITCHENET\" data-recalc-dims=\"1\" \/><\/figure><\/div><div class=\"swiper-slide\" role=\"group\" aria-roledescription=\"slide\" aria-label=\"9 of 10\"><figure class=\"swiper-slide-inner\"><img decoding=\"async\" class=\"swiper-slide-image\" src=\"https:\/\/i0.wp.com\/tmluxuryapartments.com\/wp-content\/uploads\/elementor\/thumbs\/11_APARTAMENTO-T0_-1oA-QUARTO-qto24ammf9hemi5uot7grbzr0llg0nit0tgzija7gw.jpg?w=800&#038;ssl=1\" alt=\"11_APARTAMENTO-T0_-1\u00baA-QUARTO\" data-recalc-dims=\"1\" \/><\/figure><\/div><div class=\"swiper-slide\" role=\"group\" aria-roledescription=\"slide\" aria-label=\"10 of 10\"><figure class=\"swiper-slide-inner\"><img decoding=\"async\" class=\"swiper-slide-image\" src=\"https:\/\/i0.wp.com\/tmluxuryapartments.com\/wp-content\/uploads\/elementor\/thumbs\/4_APARTAMENTO-T0_-1F-qto24ammf9hemi5uot7grbzr0llg0nit0tgzija7gw.jpg?w=800&#038;ssl=1\" alt=\"4_APARTAMENTO-T0_-1F\" data-recalc-dims=\"1\" \/><\/figure><\/div>\t\t\t<\/div>\n\t\t\t\t\t\t\t\t\t\t\t\t<div class=\"elementor-swiper-button elementor-swiper-button-prev\" role=\"button\" tabindex=\"0\">\n\t\t\t\t\t\t<i aria-hidden=\"true\" class=\"eicon-chevron-left\"><\/i>\t\t\t\t\t<\/div>\n\t\t\t\t\t<div class=\"elementor-swiper-button elementor-swiper-button-next\" role=\"button\" tabindex=\"0\">\n\t\t\t\t\t\t<i aria-hidden=\"true\" class=\"eicon-chevron-right\"><\/i>\t\t\t\t\t<\/div>\n\t\t\t\t\n\t\t\t\t\t\t\t\t\t<div class=\"swiper-pagination\"><\/div>\n\t\t\t\t\t\t\t\t\t<\/div>\n\t\t\t\t<\/div>\n\t\t\t\t<\/div>\n\t\t\t\t<div class=\"elementor-element elementor-element-36a4a1a elementor-widget elementor-widget-text-editor\" data-id=\"36a4a1a\" data-element_type=\"widget\" data-widget_type=\"text-editor.default\">\n\t\t\t\t<div class=\"elementor-widget-container\">\n\t\t\t\t\t\t\t<p style=\"text-align: justify;\">TM Luxury Apartments Lisbon, offers several experiences to be developed, whether in the field of leisure or business in a welcoming, sophisticated environment. They feature many stories and captures alluding to the life of this creator and what they represent in this hotel, through various objects, such as paintings, numerous photographs collected throughout his career and also through the multiple pieces of furniture coming from his homes, which he displayed throughout the various corridors and interiors of the apartments.<\/p>\n\t\t\t\t\t\t<\/div>\n\t\t\t\t<\/div>\n\t\t\t\t<div class=\"elementor-element elementor-element-b538a7c elementor-widget-divider--view-line elementor-widget elementor-widget-divider\" data-id=\"b538a7c\" data-element_type=\"widget\" data-widget_type=\"divider.default\">\n\t\t\t\t<div class=\"elementor-widget-container\">\n\t\t\t\t\t<div class=\"elementor-divider\">\n\t\t\t<span class=\"elementor-divider-separator\">\n\t\t\t\t\t\t<\/span>\n\t\t<\/div>\n\t\t\t\t<\/div>\n\t\t\t\t<\/div>\n\t\t\t\t<section class=\"elementor-section elementor-inner-section elementor-element elementor-element-7a883da elementor-section-boxed elementor-section-height-default elementor-section-height-default\" data-id=\"7a883da\" data-element_type=\"section\">\n\t\t\t\t\t\t<div class=\"elementor-container elementor-column-gap-default\">\n\t\t\t\t\t<div class=\"elementor-column elementor-col-50 elementor-inner-column elementor-element elementor-element-0fb0c96\" data-id=\"0fb0c96\" data-element_type=\"column\">\n\t\t\t<div class=\"elementor-widget-wrap elementor-element-populated\">\n\t\t\t\t\t\t<div class=\"elementor-element elementor-element-039b43d elementor-widget elementor-widget-heading\" data-id=\"039b43d\" data-element_type=\"widget\" data-widget_type=\"heading.default\">\n\t\t\t\t<div class=\"elementor-widget-container\">\n\t\t\t<h2 class=\"elementor-heading-title elementor-size-default\">Space<\/h2>\t\t<\/div>\n\t\t\t\t<\/div>\n\t\t\t\t<div class=\"elementor-element elementor-element-dd28293 elementor-widget elementor-widget-image\" data-id=\"dd28293\" data-element_type=\"widget\" data-widget_type=\"image.default\">\n\t\t\t\t<div class=\"elementor-widget-container\">\n\t\t\t\t\t\t\t\t\t\t\t\t\t<img decoding=\"async\" width=\"56\" height=\"12\" src=\"https:\/\/tmluxuryapartments.com\/wp-content\/uploads\/2018\/07\/divider_line_big.svg\" class=\"attachment-full size-full wp-image-941\" alt=\"\" \/>\t\t\t\t\t\t\t\t\t\t\t\t\t<\/div>\n\t\t\t\t<\/div>\n\t\t\t\t<div class=\"elementor-element elementor-element-aquentro-definitions-list elementor-widget elementor-widget-aquentro-definitions-list\" data-id=\"aquentro-definitions-list\" data-element_type=\"widget\" data-widget_type=\"aquentro-definitions-list.default\">\n\t\t\t\t<div class=\"elementor-widget-container\">\n\t\t\t        <div class=\"aquentro-definitions\">\r\n            <ul>\r\n                                <li>\r\n                    <span class=\"def-title\">Localiza\u00e7\u00e3o:<\/span>\r\n                    <span class=\"def\">Rua de S\u00e3o Jos\u00e9 nr 55, 1150-321 Lisboa<\/span>\r\n                <\/li>\r\n                                <li>\r\n                    <span class=\"def-title\">Tipo:<\/span>\r\n                    <span class=\"def\">Apartamentos de Luxo<\/span>\r\n                <\/li>\r\n                                <li>\r\n                    <span class=\"def-title\">Espa\u00e7o:<\/span>\r\n                    <span class=\"def\">400 m2<\/span>\r\n                <\/li>\r\n                                <li>\r\n                    <span class=\"def-title\">Apartamentos: <\/span>\r\n                    <span class=\"def\">30<\/span>\r\n                <\/li>\r\n                                <li>\r\n                    <span class=\"def-title\">Animais:<\/span>\r\n                    <span class=\"def\">N\u00e3o Permitido<\/span>\r\n                <\/li>\r\n                                <li>\r\n                    <span class=\"def-title\">Fumar:<\/span>\r\n                    <span class=\"def\">N\u00e3o Permitido<\/span>\r\n                <\/li>\r\n                            <\/ul>\r\n        <\/div>\r\n        \t\t<\/div>\n\t\t\t\t<\/div>\n\t\t\t\t\t<\/div>\n\t\t<\/div>\n\t\t\t\t<div class=\"elementor-column elementor-col-50 elementor-inner-column elementor-element elementor-element-d2b77ca\" data-id=\"d2b77ca\" data-element_type=\"column\">\n\t\t\t<div class=\"elementor-widget-wrap elementor-element-populated\">\n\t\t\t\t\t\t<div class=\"elementor-element elementor-element-6ed935d elementor-widget elementor-widget-heading\" data-id=\"6ed935d\" data-element_type=\"widget\" data-widget_type=\"heading.default\">\n\t\t\t\t<div class=\"elementor-widget-container\">\n\t\t\t<h2 class=\"elementor-heading-title elementor-size-default\">Features<\/h2>\t\t<\/div>\n\t\t\t\t<\/div>\n\t\t\t\t<div class=\"elementor-element elementor-element-5d7d9e8 elementor-widget elementor-widget-image\" data-id=\"5d7d9e8\" data-element_type=\"widget\" data-widget_type=\"image.default\">\n\t\t\t\t<div class=\"elementor-widget-container\">\n\t\t\t\t\t\t\t\t\t\t\t\t\t<img decoding=\"async\" width=\"56\" height=\"12\" src=\"https:\/\/tmluxuryapartments.com\/wp-content\/uploads\/2018\/07\/divider_line_big.svg\" class=\"attachment-full size-full wp-image-941\" alt=\"\" \/>\t\t\t\t\t\t\t\t\t\t\t\t\t<\/div>\n\t\t\t\t<\/div>\n\t\t\t\t<div class=\"elementor-element elementor-element-aquentro-definitions-list elementor-widget elementor-widget-aquentro-definitions-list\" data-id=\"aquentro-definitions-list\" data-element_type=\"widget\" data-widget_type=\"aquentro-definitions-list.default\">\n\t\t\t\t<div class=\"elementor-widget-container\">\n\t\t\t        <div class=\"aquentro-definitions\">\r\n            <ul>\r\n                                <li>\r\n                    <span class=\"def-title\">Eletrodom\u00e9sticos:<\/span>\r\n                    <span class=\"def\">Chaleira El\u00e9trica, Fog\u00e3o e placa el\u00e9trico, Forno, Frigorifico, M\u00e1quina de Caf\u00e9 Nespresso, Maquina de lavar loi\u00e7a, Micro-Ondas, secador de cabelo.<\/span>\r\n                <\/li>\r\n                                <li>\r\n                    <span class=\"def-title\">Pisos:<\/span>\r\n                    <span class=\"def\">5<\/span>\r\n                <\/li>\r\n                                <li>\r\n                    <span class=\"def-title\">Estacionamento Privado:<\/span>\r\n                    <span class=\"def\">Sob Consulta<\/span>\r\n                <\/li>\r\n                                <li>\r\n                    <span class=\"def-title\">Aquecimento:<\/span>\r\n                    <span class=\"def\">Central<\/span>\r\n                <\/li>\r\n                                <li>\r\n                    <span class=\"def-title\">Arrefecimento:<\/span>\r\n                    <span class=\"def\">Ar Condicionado<\/span>\r\n                <\/li>\r\n                                <li>\r\n                    <span class=\"def-title\">Terra\u00e7os:<\/span>\r\n                    <span class=\"def\">4<\/span>\r\n                <\/li>\r\n                                <li>\r\n                    <span class=\"def-title\">Elevador:<\/span>\r\n                    <span class=\"def\">3<\/span>\r\n                <\/li>\r\n                                <li>\r\n                    <span class=\"def-title\">Gin\u00e1sio:<\/span>\r\n                    <span class=\"def\">Sim (Encerrado nesta fase)<\/span>\r\n                <\/li>\r\n                            <\/ul>\r\n        <\/div>\r\n        \t\t<\/div>\n\t\t\t\t<\/div>\n\t\t\t\t\t<\/div>\n\t\t<\/div>\n\t\t\t\t\t<\/div>\n\t\t<\/section>\n\t\t\t\t\t<\/div>\n\t\t<\/div>\n\t\t\t\t\t<\/div>\n\t\t<\/section>\n\t\t\t\t<\/div>\n\t\t","protected":false},"excerpt":{"rendered":"<p>Portuguese designer Tony Miranda, applied his highly developed skills and extensive experience in the world of fashion and lifestyle, to bringing his new vision here, and creating and developing a project of thirty apartments in the historic area of Lisbon. His aim was to design a space for you, thinking of your pleasure and your &hellip; <a href=\"https:\/\/tmluxuryapartments.com\/en\/who-we-are\/\" class=\"more-link\">Continue reading<span class=\"screen-reader-text\"> &#8220;About&#8221;<\/span><\/a><\/p>\n","protected":false},"author":1,"featured_media":2211,"parent":0,"menu_order":0,"comment_status":"closed","ping_status":"closed","template":"template-boxed-page.php","meta":{"inline_featured_image":false,"footnotes":""},"class_list":["post-975","page","type-page","status-publish","has-post-thumbnail","hentry"],"yoast_head":"<!-- This site is optimized with the Yoast SEO plugin v23.2 - https:\/\/yoast.com\/wordpress\/plugins\/seo\/ -->\n<title>About - TM Luxury Apartments Lisbon<\/title>\n<meta name=\"robots\" content=\"index, follow, max-snippet:-1, max-image-preview:large, max-video-preview:-1\" \/>\n<link rel=\"canonical\" href=\"https:\/\/tmluxuryapartments.com\/en\/who-we-are\/\" \/>\n<meta property=\"og:locale\" content=\"en_US\" \/>\n<meta property=\"og:type\" content=\"article\" \/>\n<meta property=\"og:title\" content=\"About - TM Luxury Apartments Lisbon\" \/>\n<meta property=\"og:description\" content=\"Portuguese designer Tony Miranda, applied his highly developed skills and extensive experience in the world of fashion and lifestyle, to bringing his new vision here, and creating and developing a project of thirty apartments in the historic area of Lisbon. His aim was to design a space for you, thinking of your pleasure and your &hellip; Continue reading &quot;About&quot;\" \/>\n<meta property=\"og:url\" content=\"https:\/\/tmluxuryapartments.com\/en\/who-we-are\/\" \/>\n<meta property=\"og:site_name\" content=\"TM Luxury Apartments Lisbon\" \/>\n<meta property=\"article:modified_time\" content=\"2021-08-09T17:30:56+00:00\" \/>\n<meta property=\"og:image\" content=\"https:\/\/i0.wp.com\/tmluxuryapartments.com\/wp-content\/uploads\/2021\/07\/sobre-nos.jpg?fit=2200%2C825&ssl=1\" \/>\n\t<meta property=\"og:image:width\" content=\"2200\" \/>\n\t<meta property=\"og:image:height\" content=\"825\" \/>\n\t<meta property=\"og:image:type\" content=\"image\/jpeg\" \/>\n<meta name=\"twitter:card\" content=\"summary_large_image\" \/>\n<meta name=\"twitter:label1\" content=\"Est. reading time\" \/>\n\t<meta name=\"twitter:data1\" content=\"1 minute\" \/>\n<script type=\"application\/ld+json\" class=\"yoast-schema-graph\">{\"@context\":\"https:\/\/schema.org\",\"@graph\":[{\"@type\":\"WebPage\",\"@id\":\"https:\/\/tmluxuryapartments.com\/en\/who-we-are\/\",\"url\":\"https:\/\/tmluxuryapartments.com\/en\/who-we-are\/\",\"name\":\"About - TM Luxury Apartments Lisbon\",\"isPartOf\":{\"@id\":\"https:\/\/tmluxuryapartments.com\/#website\"},\"primaryImageOfPage\":{\"@id\":\"https:\/\/tmluxuryapartments.com\/en\/who-we-are\/#primaryimage\"},\"image\":{\"@id\":\"https:\/\/tmluxuryapartments.com\/en\/who-we-are\/#primaryimage\"},\"thumbnailUrl\":\"https:\/\/i0.wp.com\/tmluxuryapartments.com\/wp-content\/uploads\/2021\/07\/sobre-nos.jpg?fit=2200%2C825&ssl=1\",\"datePublished\":\"2021-05-10T21:43:36+00:00\",\"dateModified\":\"2021-08-09T17:30:56+00:00\",\"breadcrumb\":{\"@id\":\"https:\/\/tmluxuryapartments.com\/en\/who-we-are\/#breadcrumb\"},\"inLanguage\":\"en-US\",\"potentialAction\":[{\"@type\":\"ReadAction\",\"target\":[\"https:\/\/tmluxuryapartments.com\/en\/who-we-are\/\"]}]},{\"@type\":\"ImageObject\",\"inLanguage\":\"en-US\",\"@id\":\"https:\/\/tmluxuryapartments.com\/en\/who-we-are\/#primaryimage\",\"url\":\"https:\/\/i0.wp.com\/tmluxuryapartments.com\/wp-content\/uploads\/2021\/07\/sobre-nos.jpg?fit=2200%2C825&ssl=1\",\"contentUrl\":\"https:\/\/i0.wp.com\/tmluxuryapartments.com\/wp-content\/uploads\/2021\/07\/sobre-nos.jpg?fit=2200%2C825&ssl=1\",\"width\":2200,\"height\":825},{\"@type\":\"BreadcrumbList\",\"@id\":\"https:\/\/tmluxuryapartments.com\/en\/who-we-are\/#breadcrumb\",\"itemListElement\":[{\"@type\":\"ListItem\",\"position\":1,\"name\":\"In\u00edcio\",\"item\":\"https:\/\/tmluxuryapartments.com\/\"},{\"@type\":\"ListItem\",\"position\":2,\"name\":\"About\"}]},{\"@type\":\"WebSite\",\"@id\":\"https:\/\/tmluxuryapartments.com\/#website\",\"url\":\"https:\/\/tmluxuryapartments.com\/\",\"name\":\"TM Luxury Apartments Lisbon\",\"description\":\"Uma escolha segura na zona mais nobre da cidade, onde pode usufruir de in\u00fameras experiencias, dependendo do seu estado de espirito.\",\"publisher\":{\"@id\":\"https:\/\/tmluxuryapartments.com\/#organization\"},\"potentialAction\":[{\"@type\":\"SearchAction\",\"target\":{\"@type\":\"EntryPoint\",\"urlTemplate\":\"https:\/\/tmluxuryapartments.com\/?s={search_term_string}\"},\"query-input\":\"required name=search_term_string\"}],\"inLanguage\":\"en-US\"},{\"@type\":\"Organization\",\"@id\":\"https:\/\/tmluxuryapartments.com\/#organization\",\"name\":\"TM Luxury Apartments\",\"url\":\"https:\/\/tmluxuryapartments.com\/\",\"logo\":{\"@type\":\"ImageObject\",\"inLanguage\":\"en-US\",\"@id\":\"https:\/\/tmluxuryapartments.com\/#\/schema\/logo\/image\/\",\"url\":\"https:\/\/tmluxuryapartments.com\/wp-content\/uploads\/2021\/05\/TM-LUXURY-APARTEMENTS-2.png\",\"contentUrl\":\"https:\/\/tmluxuryapartments.com\/wp-content\/uploads\/2021\/05\/TM-LUXURY-APARTEMENTS-2.png\",\"width\":400,\"height\":104,\"caption\":\"TM Luxury Apartments\"},\"image\":{\"@id\":\"https:\/\/tmluxuryapartments.com\/#\/schema\/logo\/image\/\"}}]}<\/script>\n<!-- \/ Yoast SEO plugin. -->","yoast_head_json":{"title":"About - TM Luxury Apartments Lisbon","robots":{"index":"index","follow":"follow","max-snippet":"max-snippet:-1","max-image-preview":"max-image-preview:large","max-video-preview":"max-video-preview:-1"},"canonical":"https:\/\/tmluxuryapartments.com\/en\/who-we-are\/","og_locale":"en_US","og_type":"article","og_title":"About - TM Luxury Apartments Lisbon","og_description":"Portuguese designer Tony Miranda, applied his highly developed skills and extensive experience in the world of fashion and lifestyle, to bringing his new vision here, and creating and developing a project of thirty apartments in the historic area of Lisbon. His aim was to design a space for you, thinking of your pleasure and your &hellip; Continue reading \"About\"","og_url":"https:\/\/tmluxuryapartments.com\/en\/who-we-are\/","og_site_name":"TM Luxury Apartments Lisbon","article_modified_time":"2021-08-09T17:30:56+00:00","og_image":[{"width":2200,"height":825,"url":"https:\/\/i0.wp.com\/tmluxuryapartments.com\/wp-content\/uploads\/2021\/07\/sobre-nos.jpg?fit=2200%2C825&ssl=1","type":"image\/jpeg"}],"twitter_card":"summary_large_image","twitter_misc":{"Est. reading time":"1 minute"},"schema":{"@context":"https:\/\/schema.org","@graph":[{"@type":"WebPage","@id":"https:\/\/tmluxuryapartments.com\/en\/who-we-are\/","url":"https:\/\/tmluxuryapartments.com\/en\/who-we-are\/","name":"About - TM Luxury Apartments Lisbon","isPartOf":{"@id":"https:\/\/tmluxuryapartments.com\/#website"},"primaryImageOfPage":{"@id":"https:\/\/tmluxuryapartments.com\/en\/who-we-are\/#primaryimage"},"image":{"@id":"https:\/\/tmluxuryapartments.com\/en\/who-we-are\/#primaryimage"},"thumbnailUrl":"https:\/\/i0.wp.com\/tmluxuryapartments.com\/wp-content\/uploads\/2021\/07\/sobre-nos.jpg?fit=2200%2C825&ssl=1","datePublished":"2021-05-10T21:43:36+00:00","dateModified":"2021-08-09T17:30:56+00:00","breadcrumb":{"@id":"https:\/\/tmluxuryapartments.com\/en\/who-we-are\/#breadcrumb"},"inLanguage":"en-US","potentialAction":[{"@type":"ReadAction","target":["https:\/\/tmluxuryapartments.com\/en\/who-we-are\/"]}]},{"@type":"ImageObject","inLanguage":"en-US","@id":"https:\/\/tmluxuryapartments.com\/en\/who-we-are\/#primaryimage","url":"https:\/\/i0.wp.com\/tmluxuryapartments.com\/wp-content\/uploads\/2021\/07\/sobre-nos.jpg?fit=2200%2C825&ssl=1","contentUrl":"https:\/\/i0.wp.com\/tmluxuryapartments.com\/wp-content\/uploads\/2021\/07\/sobre-nos.jpg?fit=2200%2C825&ssl=1","width":2200,"height":825},{"@type":"BreadcrumbList","@id":"https:\/\/tmluxuryapartments.com\/en\/who-we-are\/#breadcrumb","itemListElement":[{"@type":"ListItem","position":1,"name":"In\u00edcio","item":"https:\/\/tmluxuryapartments.com\/"},{"@type":"ListItem","position":2,"name":"About"}]},{"@type":"WebSite","@id":"https:\/\/tmluxuryapartments.com\/#website","url":"https:\/\/tmluxuryapartments.com\/","name":"TM Luxury Apartments Lisbon","description":"Uma escolha segura na zona mais nobre da cidade, onde pode usufruir de in\u00fameras experiencias, dependendo do seu estado de espirito.","publisher":{"@id":"https:\/\/tmluxuryapartments.com\/#organization"},"potentialAction":[{"@type":"SearchAction","target":{"@type":"EntryPoint","urlTemplate":"https:\/\/tmluxuryapartments.com\/?s={search_term_string}"},"query-input":"required name=search_term_string"}],"inLanguage":"en-US"},{"@type":"Organization","@id":"https:\/\/tmluxuryapartments.com\/#organization","name":"TM Luxury Apartments","url":"https:\/\/tmluxuryapartments.com\/","logo":{"@type":"ImageObject","inLanguage":"en-US","@id":"https:\/\/tmluxuryapartments.com\/#\/schema\/logo\/image\/","url":"https:\/\/tmluxuryapartments.com\/wp-content\/uploads\/2021\/05\/TM-LUXURY-APARTEMENTS-2.png","contentUrl":"https:\/\/tmluxuryapartments.com\/wp-content\/uploads\/2021\/05\/TM-LUXURY-APARTEMENTS-2.png","width":400,"height":104,"caption":"TM Luxury Apartments"},"image":{"@id":"https:\/\/tmluxuryapartments.com\/#\/schema\/logo\/image\/"}}]}},"jetpack_sharing_enabled":true,"_links":{"self":[{"href":"https:\/\/tmluxuryapartments.com\/en\/wp-json\/wp\/v2\/pages\/975"}],"collection":[{"href":"https:\/\/tmluxuryapartments.com\/en\/wp-json\/wp\/v2\/pages"}],"about":[{"href":"https:\/\/tmluxuryapartments.com\/en\/wp-json\/wp\/v2\/types\/page"}],"author":[{"embeddable":true,"href":"https:\/\/tmluxuryapartments.com\/en\/wp-json\/wp\/v2\/users\/1"}],"replies":[{"embeddable":true,"href":"https:\/\/tmluxuryapartments.com\/en\/wp-json\/wp\/v2\/comments?post=975"}],"version-history":[{"count":4,"href":"https:\/\/tmluxuryapartments.com\/en\/wp-json\/wp\/v2\/pages\/975\/revisions"}],"predecessor-version":[{"id":2488,"href":"https:\/\/tmluxuryapartments.com\/en\/wp-json\/wp\/v2\/pages\/975\/revisions\/2488"}],"wp:featuredmedia":[{"embeddable":true,"href":"https:\/\/tmluxuryapartments.com\/en\/wp-json\/wp\/v2\/media\/2211"}],"wp:attachment":[{"href":"https:\/\/tmluxuryapartments.com\/en\/wp-json\/wp\/v2\/media?parent=975"}],"curies":[{"name":"wp","href":"https:\/\/api.w.org\/{rel}","templated":true}]}}